{"id":37,"date":"2018-05-21T16:33:02","date_gmt":"2018-05-21T16:33:02","guid":{"rendered":"http:\/\/jagdschule-hohmann.de\/?page_id=37"},"modified":"2025-02-13T09:10:43","modified_gmt":"2025-02-13T09:10:43","slug":"termine-3","status":"publish","type":"page","link":"http:\/\/jagdschule-hohmann.de\/?page_id=37","title":{"rendered":"Termine"},"content":{"rendered":"<p>Termine f\u00fcr das Jahr 2025 sind ausgebucht. F\u00fcr Anfang 2026 ist der n\u00e4chste Lehrgang geplant. Genaue Lehrgangsdaten werden bei gen\u00fcgend Teilnehmern in Absprache mit den Interessenten vereinbart.<br \/>Die Lehrgangsgeb\u00fchr betr\u00e4gt 2.000,00 \u20ac zzgl. Schie\u00dfstandkosten, Munition und Pr\u00fcfungsgeb\u00fchren.<br \/>\u00dcbernachtungsm\u00f6glichkeiten vor Ort k\u00f6nnen organisiert werden.<\/p>\n<p><strong>Wochenendlehrgang:\u00a0<\/strong>Die Termine werden ausschlie\u00dflich als Bl\u00f6cke an Wochenenden geplant.<\/p>\n<p><strong>Kombilehrgang:\u00a0<\/strong>Lehrgangstermine finden kombiniert an Wochenenden kompakt und in Einzelstunden unter der Woche statt.<\/p>\n<p><strong>Individuallehrgang: <\/strong>Der Lehrgang findet als Einzelausbildung (max.2 Jagdsch\u00fcler) nach Ihren zeitlichen Vorstellungen statt. Lehrgangsgeb\u00fchr nach Absprache.<\/p>\n<p><strong>Grundlage der Ausbildung ist der Rahmenausbildungsplan des Landesjagdverbandes Brandenburg e.V..<\/strong><br \/><strong>Demnach sind insgesamt 150 Unterrichtsstunden, davon 30 Stunden Schie\u00dfausbildung, zu erbringen.<\/strong><\/p>\n<p><a href=\"http:\/\/jagdschule-hohmann.de\/\">Zur\u00fcck<\/a><\/p>\n\n\n<p><\/p>\n","protected":false},"excerpt":{"rendered":"<p>Termine f\u00fcr das Jahr 2025 sind ausgebucht. F\u00fcr Anfang 2026 ist der n\u00e4chste Lehrgang geplant. Genaue Lehrgangsdaten werden bei gen\u00fcgend Teilnehmern in Absprache mit den Interessenten vereinbart.Die Lehrgangsgeb\u00fchr betr\u00e4gt 2.000,00 \u20ac zzgl. Schie\u00dfstandkosten, Munition und Pr\u00fcfungsgeb\u00fchren.\u00dcbernachtungsm\u00f6glichkeiten vor Ort k\u00f6nnen organisiert werden. Wochenendlehrgang:\u00a0Die Termine werden ausschlie\u00dflich als Bl\u00f6cke an Wochenenden geplant. Kombilehrgang:\u00a0Lehrgangstermine finden kombiniert an Wochenenden &hellip; <\/p>\n<p class=\"link-more\"><a href=\"http:\/\/jagdschule-hohmann.de\/?page_id=37\" class=\"more-link\"><span class=\"screen-reader-text\">\u201eTermine\u201c<\/span> weiterlesen<\/a><\/p>\n","protected":false},"author":1,"featured_media":0,"parent":11,"menu_order":0,"comment_status":"closed","ping_status":"closed","template":"","meta":[],"_links":{"self":[{"href":"http:\/\/jagdschule-hohmann.de\/index.php?rest_route=\/wp\/v2\/pages\/37"}],"collection":[{"href":"http:\/\/jagdschule-hohmann.de\/index.php?rest_route=\/wp\/v2\/pages"}],"about":[{"href":"http:\/\/jagdschule-hohmann.de\/index.php?rest_route=\/wp\/v2\/types\/page"}],"author":[{"embeddable":true,"href":"http:\/\/jagdschule-hohmann.de\/index.php?rest_route=\/wp\/v2\/users\/1"}],"replies":[{"embeddable":true,"href":"http:\/\/jagdschule-hohmann.de\/index.php?rest_route=%2Fwp%2Fv2%2Fcomments&post=37"}],"version-history":[{"count":28,"href":"http:\/\/jagdschule-hohmann.de\/index.php?rest_route=\/wp\/v2\/pages\/37\/revisions"}],"predecessor-version":[{"id":154,"href":"http:\/\/jagdschule-hohmann.de\/index.php?rest_route=\/wp\/v2\/pages\/37\/revisions\/154"}],"up":[{"embeddable":true,"href":"http:\/\/jagdschule-hohmann.de\/index.php?rest_route=\/wp\/v2\/pages\/11"}],"wp:attachment":[{"href":"http:\/\/jagdschule-hohmann.de\/index.php?rest_route=%2Fwp%2Fv2%2Fmedia&parent=37"}],"curies":[{"name":"wp","href":"https:\/\/api.w.org\/{rel}","templated":true}]}}